{"id":2820,"date":"2020-07-11T20:29:03","date_gmt":"2020-07-11T20:29:03","guid":{"rendered":"https:\/\/autoserver.com.br\/?page_id=2820"},"modified":"2025-07-03T05:55:51","modified_gmt":"2025-07-03T08:55:51","slug":"showroom","status":"publish","type":"page","link":"https:\/\/domefy.com.br\/ads\/showroom\/","title":{"rendered":"Showroom"},"content":{"rendered":"\t\t<div data-elementor-type=\"wp-page\" data-elementor-id=\"2820\" class=\"elementor elementor-2820\" data-elementor-post-type=\"page\">\n\t\t\t\t<div class=\"elementor-element elementor-element-a14eebc e-flex e-con-boxed e-con e-parent\" data-id=\"a14eebc\" data-element_type=\"container\" data-e-type=\"container\">\n\t\t\t\t\t<div class=\"e-con-inner\">\n\t\t\t\t<div class=\"elementor-element elementor-element-f4bd43d elementor-widget__width-inherit elementor-widget elementor-widget-heading\" data-id=\"f4bd43d\" data-element_type=\"widget\" data-e-type=\"widget\" data-widget_type=\"heading.default\">\n\t\t\t\t\t<h1 class=\"elementor-heading-title elementor-size-default\">BARRETOS - SP<\/h1>\t\t\t\t<\/div>\n\t\t\t\t<div class=\"elementor-element elementor-element-a2d9029 elementor-widget__width-inherit elementor-widget elementor-widget-text-editor\" data-id=\"a2d9029\" data-element_type=\"widget\" data-e-type=\"widget\" data-settings=\"{&quot;_animation&quot;:&quot;none&quot;,&quot;_animation_delay&quot;:600}\" data-widget_type=\"text-editor.default\">\n\t\t\t\t\t\t\t\t\t<p>Rua Argentina, 1580, Edif\u00edcio Adele, Sala 13, Am\u00e9rica &#8211; Barretos\/SP<\/p>\t\t\t\t\t\t\t\t<\/div>\n\t\t<div class=\"elementor-element elementor-element-4c6699a e-grid e-con-full e-con e-child\" data-id=\"4c6699a\" data-element_type=\"container\" data-e-type=\"container\">\n\t\t\t\t<div class=\"elementor-element elementor-element-0e79093 elementor-widget elementor-widget-image\" data-id=\"0e79093\" data-element_type=\"widget\" data-e-type=\"widget\" data-settings=\"{&quot;_animation&quot;:&quot;none&quot;}\" data-widget_type=\"image.default\">\n\t\t\t\t\t\t\t\t\t\t\t\t\t\t\t<img fetchpriority=\"high\" decoding=\"async\" width=\"360\" height=\"640\" src=\"https:\/\/domefy.com.br\/ads\/wp-content\/uploads\/2020\/11\/btos-001.jpg\" class=\"attachment-large size-large wp-image-3326\" alt=\"\" srcset=\"https:\/\/domefy.com.br\/ads\/wp-content\/uploads\/2020\/11\/btos-001.jpg 360w, https:\/\/domefy.com.br\/ads\/wp-content\/uploads\/2020\/11\/btos-001-169x300.jpg 169w\" sizes=\"(max-width: 360px) 100vw, 360px\" \/>\t\t\t\t\t\t\t\t\t\t\t\t\t\t\t<\/div>\n\t\t\t\t<div class=\"elementor-element elementor-element-182df72 elementor-widget elementor-widget-image\" data-id=\"182df72\" data-element_type=\"widget\" data-e-type=\"widget\" data-settings=\"{&quot;_animation&quot;:&quot;none&quot;,&quot;_animation_delay&quot;:100}\" data-widget_type=\"image.default\">\n\t\t\t\t\t\t\t\t\t\t\t\t\t\t\t<img decoding=\"async\" width=\"360\" height=\"640\" src=\"https:\/\/domefy.com.br\/ads\/wp-content\/uploads\/2020\/11\/btos-003.jpg\" class=\"attachment-large size-large wp-image-3325\" alt=\"\" srcset=\"https:\/\/domefy.com.br\/ads\/wp-content\/uploads\/2020\/11\/btos-003.jpg 360w, https:\/\/domefy.com.br\/ads\/wp-content\/uploads\/2020\/11\/btos-003-169x300.jpg 169w\" sizes=\"(max-width: 360px) 100vw, 360px\" \/>\t\t\t\t\t\t\t\t\t\t\t\t\t\t\t<\/div>\n\t\t\t\t<div class=\"elementor-element elementor-element-9596dce elementor-widget elementor-widget-image\" data-id=\"9596dce\" data-element_type=\"widget\" data-e-type=\"widget\" data-settings=\"{&quot;_animation&quot;:&quot;none&quot;,&quot;_animation_delay&quot;:200}\" data-widget_type=\"image.default\">\n\t\t\t\t\t\t\t\t\t\t\t\t\t\t\t<img decoding=\"async\" width=\"360\" height=\"640\" src=\"https:\/\/domefy.com.br\/ads\/wp-content\/uploads\/2020\/11\/btos-002.jpg\" class=\"attachment-large size-large wp-image-3327\" alt=\"\" srcset=\"https:\/\/domefy.com.br\/ads\/wp-content\/uploads\/2020\/11\/btos-002.jpg 360w, https:\/\/domefy.com.br\/ads\/wp-content\/uploads\/2020\/11\/btos-002-169x300.jpg 169w\" sizes=\"(max-width: 360px) 100vw, 360px\" \/>\t\t\t\t\t\t\t\t\t\t\t\t\t\t\t<\/div>\n\t\t\t\t<\/div>\n\t\t\t\t\t<\/div>\n\t\t\t\t<\/div>\n\t\t<div class=\"elementor-element elementor-element-fa75239 e-flex e-con-boxed e-con e-parent\" data-id=\"fa75239\" data-element_type=\"container\" data-e-type=\"container\" data-settings=\"{&quot;background_background&quot;:&quot;classic&quot;}\">\n\t\t\t\t\t<div class=\"e-con-inner\">\n\t\t\t\t<div class=\"elementor-element elementor-element-8a1db00 elementor-widget__width-inherit elementor-widget elementor-widget-heading\" data-id=\"8a1db00\" data-element_type=\"widget\" data-e-type=\"widget\" data-widget_type=\"heading.default\">\n\t\t\t\t\t<h1 class=\"elementor-heading-title elementor-size-default\">S\u00c3O JOS\u00c9 DO RIO PRETO - SP<\/h1>\t\t\t\t<\/div>\n\t\t\t\t<div class=\"elementor-element elementor-element-6ecdf03 elementor-widget__width-inherit elementor-widget elementor-widget-text-editor\" data-id=\"6ecdf03\" data-element_type=\"widget\" data-e-type=\"widget\" data-settings=\"{&quot;_animation&quot;:&quot;none&quot;,&quot;_animation_delay&quot;:600}\" data-widget_type=\"text-editor.default\">\n\t\t\t\t\t\t\t\t\t<p style=\"text-align: center;\">R. Cel. Sp\u00ednola de Castro, 3635, Salas 73 e 74 &#8211; Centro &#8211; S\u00e3o Jos\u00e9 do Rio Preto\/SP<\/p>\t\t\t\t\t\t\t\t<\/div>\n\t\t<div class=\"elementor-element elementor-element-25a1c58 e-grid e-con-full e-con e-child\" data-id=\"25a1c58\" data-element_type=\"container\" data-e-type=\"container\">\n\t\t\t\t<div class=\"elementor-element elementor-element-d39b81b elementor-widget elementor-widget-image\" data-id=\"d39b81b\" data-element_type=\"widget\" data-e-type=\"widget\" data-settings=\"{&quot;_animation&quot;:&quot;none&quot;}\" data-widget_type=\"image.default\">\n\t\t\t\t\t\t\t\t\t\t\t\t\t\t\t<img loading=\"lazy\" decoding=\"async\" width=\"576\" height=\"1024\" src=\"https:\/\/domefy.com.br\/ads\/wp-content\/uploads\/2020\/10\/SJRP-003.jpg\" class=\"attachment-large size-large wp-image-3156\" alt=\"\" srcset=\"https:\/\/domefy.com.br\/ads\/wp-content\/uploads\/2020\/10\/SJRP-003.jpg 576w, https:\/\/domefy.com.br\/ads\/wp-content\/uploads\/2020\/10\/SJRP-003-169x300.jpg 169w\" sizes=\"(max-width: 576px) 100vw, 576px\" \/>\t\t\t\t\t\t\t\t\t\t\t\t\t\t\t<\/div>\n\t\t\t\t<div class=\"elementor-element elementor-element-a3e40f4 elementor-widget elementor-widget-image\" data-id=\"a3e40f4\" data-element_type=\"widget\" data-e-type=\"widget\" data-settings=\"{&quot;_animation&quot;:&quot;none&quot;,&quot;_animation_delay&quot;:100}\" data-widget_type=\"image.default\">\n\t\t\t\t\t\t\t\t\t\t\t\t\t\t\t<img loading=\"lazy\" decoding=\"async\" width=\"576\" height=\"1024\" src=\"https:\/\/domefy.com.br\/ads\/wp-content\/uploads\/2020\/10\/SJRP-002.jpeg\" class=\"attachment-large size-large wp-image-3155\" alt=\"\" srcset=\"https:\/\/domefy.com.br\/ads\/wp-content\/uploads\/2020\/10\/SJRP-002.jpeg 576w, https:\/\/domefy.com.br\/ads\/wp-content\/uploads\/2020\/10\/SJRP-002-169x300.jpeg 169w\" sizes=\"(max-width: 576px) 100vw, 576px\" \/>\t\t\t\t\t\t\t\t\t\t\t\t\t\t\t<\/div>\n\t\t\t\t<div class=\"elementor-element elementor-element-632799c elementor-widget elementor-widget-image\" data-id=\"632799c\" data-element_type=\"widget\" data-e-type=\"widget\" data-settings=\"{&quot;_animation&quot;:&quot;none&quot;,&quot;_animation_delay&quot;:200}\" data-widget_type=\"image.default\">\n\t\t\t\t\t\t\t\t\t\t\t\t\t\t\t<img loading=\"lazy\" decoding=\"async\" width=\"576\" height=\"1024\" src=\"https:\/\/domefy.com.br\/ads\/wp-content\/uploads\/2020\/10\/SJRP-001.jpeg\" class=\"attachment-large size-large wp-image-3154\" alt=\"\" srcset=\"https:\/\/domefy.com.br\/ads\/wp-content\/uploads\/2020\/10\/SJRP-001.jpeg 576w, https:\/\/domefy.com.br\/ads\/wp-content\/uploads\/2020\/10\/SJRP-001-169x300.jpeg 169w\" sizes=\"(max-width: 576px) 100vw, 576px\" \/>\t\t\t\t\t\t\t\t\t\t\t\t\t\t\t<\/div>\n\t\t\t\t<\/div>\n\t\t\t\t\t<\/div>\n\t\t\t\t<\/div>\n\t\t<div class=\"elementor-element elementor-element-bed446d e-flex e-con-boxed e-con e-parent\" data-id=\"bed446d\" data-element_type=\"container\" data-e-type=\"container\" data-settings=\"{&quot;background_background&quot;:&quot;classic&quot;}\">\n\t\t\t\t\t<div class=\"e-con-inner\">\n\t\t\t\t<div class=\"elementor-element elementor-element-51b97ab elementor-widget elementor-widget-heading\" data-id=\"51b97ab\" data-element_type=\"widget\" data-e-type=\"widget\" data-widget_type=\"heading.default\">\n\t\t\t\t\t<h3 class=\"elementor-heading-title elementor-size-default\">Quer falar com a Domefy? Preencha o formul\u00e1rio abaixo que entraremos em contato<\/h3>\t\t\t\t<\/div>\n\t\t\t\t<div class=\"elementor-element elementor-element-a50cf49 elementor-button-align-stretch elementor-widget elementor-widget-form\" data-id=\"a50cf49\" data-element_type=\"widget\" data-e-type=\"widget\" data-settings=\"{&quot;step_next_label&quot;:&quot;Pr\\u00f3ximo&quot;,&quot;step_previous_label&quot;:&quot;Anterior&quot;,&quot;button_width&quot;:&quot;100&quot;,&quot;step_type&quot;:&quot;number_text&quot;,&quot;step_icon_shape&quot;:&quot;circle&quot;}\" data-widget_type=\"form.default\">\n\t\t\t\t\t\t\t<form class=\"elementor-form\" method=\"post\" name=\"Paginas Site Domefy\" aria-label=\"Paginas Site Domefy\">\n\t\t\t<input type=\"hidden\" name=\"post_id\" value=\"2820\"\/>\n\t\t\t<input type=\"hidden\" name=\"form_id\" value=\"a50cf49\"\/>\n\t\t\t<input type=\"hidden\" name=\"referer_title\" value=\"Domefy\" \/>\n\n\t\t\t\n\t\t\t<div class=\"elementor-form-fields-wrapper elementor-labels-\">\n\t\t\t\t\t\t\t\t<div class=\"elementor-field-type-text elementor-field-group elementor-column elementor-field-group-name elementor-col-100 elementor-field-required\">\n\t\t\t\t\t\t\t\t\t\t\t\t<label for=\"form-field-name\" class=\"elementor-field-label elementor-screen-only\">\n\t\t\t\t\t\t\t\tNome\t\t\t\t\t\t\t<\/label>\n\t\t\t\t\t\t\t\t\t\t\t\t\t\t<input size=\"1\" type=\"text\" name=\"form_fields[name]\" id=\"form-field-name\" class=\"elementor-field elementor-size-lg  elementor-field-textual\" placeholder=\"Nome\" required=\"required\">\n\t\t\t\t\t\t\t\t\t\t\t<\/div>\n\t\t\t\t\t\t\t\t<div class=\"elementor-field-type-email elementor-field-group elementor-column elementor-field-group-field_4181e60 elementor-col-100 elementor-field-required\">\n\t\t\t\t\t\t\t\t\t\t\t\t<label for=\"form-field-field_4181e60\" class=\"elementor-field-label elementor-screen-only\">\n\t\t\t\t\t\t\t\tE-mail\t\t\t\t\t\t\t<\/label>\n\t\t\t\t\t\t\t\t\t\t\t\t\t\t<input size=\"1\" type=\"email\" name=\"form_fields[field_4181e60]\" id=\"form-field-field_4181e60\" class=\"elementor-field elementor-size-lg  elementor-field-textual\" placeholder=\"E-mail\" required=\"required\">\n\t\t\t\t\t\t\t\t\t\t\t<\/div>\n\t\t\t\t\t\t\t\t<div class=\"elementor-field-type-tel elementor-field-group elementor-column elementor-field-group-field_aa886ca elementor-col-100 elementor-field-required\">\n\t\t\t\t\t\t\t\t\t\t\t\t<label for=\"form-field-field_aa886ca\" class=\"elementor-field-label elementor-screen-only\">\n\t\t\t\t\t\t\t\tWhatsApp\t\t\t\t\t\t\t<\/label>\n\t\t\t\t\t\t\t\t<input size=\"1\" type=\"tel\" name=\"form_fields[field_aa886ca]\" id=\"form-field-field_aa886ca\" class=\"elementor-field elementor-size-lg  elementor-field-textual\" placeholder=\"WhatsApp com DDD\" required=\"required\" pattern=\"[0-9()#&amp;+*-=.]+\" title=\"Apenas n\u00fameros e caracteres de telefone (#, -, *, etc.) s\u00e3o aceitos.\">\n\n\t\t\t\t\t\t<\/div>\n\t\t\t\t\t\t\t\t<div class=\"elementor-field-type-recaptcha elementor-field-group elementor-column elementor-field-group-field_9661731 elementor-col-100\">\n\t\t\t\t\t<div class=\"elementor-field\" id=\"form-field-field_9661731\"><div class=\"elementor-g-recaptcha\" data-sitekey=\"6LfK9m4rAAAAAOlx00xBWll-bjdbgCcY9qkto6Wf\" data-type=\"v2_checkbox\" data-theme=\"light\" data-size=\"normal\"><\/div><\/div>\t\t\t\t<\/div>\n\t\t\t\t\t\t\t\t<div class=\"elementor-field-group elementor-column elementor-field-type-submit elementor-col-100 e-form__buttons\">\n\t\t\t\t\t<button class=\"elementor-button elementor-size-lg\" type=\"submit\">\n\t\t\t\t\t\t<span class=\"elementor-button-content-wrapper\">\n\t\t\t\t\t\t\t\t\t\t\t\t\t\t\t\t\t\t\t\t\t\t<span class=\"elementor-button-text\">Enviar<\/span>\n\t\t\t\t\t\t\t\t\t\t\t\t\t<\/span>\n\t\t\t\t\t<\/button>\n\t\t\t\t<\/div>\n\t\t\t<\/div>\n\t\t<\/form>\n\t\t\t\t\t\t<\/div>\n\t\t\t\t\t<\/div>\n\t\t\t\t<\/div>\n\t\t\t\t<\/div>\n\t\t","protected":false},"excerpt":{"rendered":"<p>BARRETOS &#8211; SP Rua Argentina, 1580, Edif\u00edcio Adele, Sala 13, Am\u00e9rica &#8211; Barretos\/SP S\u00c3O JOS\u00c9 DO RIO PRETO &#8211; SP R. Cel. Sp\u00ednola de Castro, 3635, Salas 73 e 74 &#8211; Centro &#8211; S\u00e3o Jos\u00e9 do Rio Preto\/SP Quer falar com a Domefy? Preencha o formul\u00e1rio abaixo que entraremos em contato<\/p>\n","protected":false},"author":1,"featured_media":0,"parent":0,"menu_order":0,"comment_status":"closed","ping_status":"closed","template":"","meta":{"footnotes":""},"class_list":["post-2820","page","type-page","status-publish","hentry"],"yoast_head":"<!-- This site is optimized with the Yoast SEO plugin v27.4 - https:\/\/yoast.com\/product\/yoast-seo-wordpress\/ -->\n<title>Showroom - Domefy<\/title>\n<meta name=\"robots\" content=\"index, follow, max-snippet:-1, max-image-preview:large, max-video-preview:-1\" \/>\n<link rel=\"canonical\" href=\"https:\/\/domefy.com.br\/ads\/showroom\/\" \/>\n<meta property=\"og:locale\" content=\"pt_BR\" \/>\n<meta property=\"og:type\" content=\"article\" \/>\n<meta property=\"og:title\" content=\"Showroom - Domefy\" \/>\n<meta property=\"og:description\" content=\"BARRETOS &#8211; SP Rua Argentina, 1580, Edif\u00edcio Adele, Sala 13, Am\u00e9rica &#8211; Barretos\/SP S\u00c3O JOS\u00c9 DO RIO PRETO &#8211; SP R. Cel. Sp\u00ednola de Castro, 3635, Salas 73 e 74 &#8211; Centro &#8211; S\u00e3o Jos\u00e9 do Rio Preto\/SP Quer falar com a Domefy? Preencha o formul\u00e1rio abaixo que entraremos em contato\" \/>\n<meta property=\"og:url\" content=\"https:\/\/domefy.com.br\/ads\/showroom\/\" \/>\n<meta property=\"og:site_name\" content=\"Domefy\" \/>\n<meta property=\"article:modified_time\" content=\"2025-07-03T08:55:51+00:00\" \/>\n<meta property=\"og:image\" content=\"https:\/\/domefy.com.br\/ads\/wp-content\/uploads\/2020\/11\/btos-001.jpg\" \/>\n\t<meta property=\"og:image:width\" content=\"360\" \/>\n\t<meta property=\"og:image:height\" content=\"640\" \/>\n\t<meta property=\"og:image:type\" content=\"image\/jpeg\" \/>\n<meta name=\"twitter:card\" content=\"summary_large_image\" \/>\n<meta name=\"twitter:label1\" content=\"Est. tempo de leitura\" \/>\n\t<meta name=\"twitter:data1\" content=\"1 minuto\" \/>\n<script type=\"application\/ld+json\" class=\"yoast-schema-graph\">{\"@context\":\"https:\\\/\\\/schema.org\",\"@graph\":[{\"@type\":\"WebPage\",\"@id\":\"https:\\\/\\\/domefy.com.br\\\/ads\\\/showroom\\\/\",\"url\":\"https:\\\/\\\/domefy.com.br\\\/ads\\\/showroom\\\/\",\"name\":\"Showroom - Domefy\",\"isPartOf\":{\"@id\":\"https:\\\/\\\/domefy.com.br\\\/ads\\\/#website\"},\"primaryImageOfPage\":{\"@id\":\"https:\\\/\\\/domefy.com.br\\\/ads\\\/showroom\\\/#primaryimage\"},\"image\":{\"@id\":\"https:\\\/\\\/domefy.com.br\\\/ads\\\/showroom\\\/#primaryimage\"},\"thumbnailUrl\":\"https:\\\/\\\/domefy.com.br\\\/ads\\\/wp-content\\\/uploads\\\/2020\\\/11\\\/btos-001.jpg\",\"datePublished\":\"2020-07-11T20:29:03+00:00\",\"dateModified\":\"2025-07-03T08:55:51+00:00\",\"breadcrumb\":{\"@id\":\"https:\\\/\\\/domefy.com.br\\\/ads\\\/showroom\\\/#breadcrumb\"},\"inLanguage\":\"pt-BR\",\"potentialAction\":[{\"@type\":\"ReadAction\",\"target\":[\"https:\\\/\\\/domefy.com.br\\\/ads\\\/showroom\\\/\"]}]},{\"@type\":\"ImageObject\",\"inLanguage\":\"pt-BR\",\"@id\":\"https:\\\/\\\/domefy.com.br\\\/ads\\\/showroom\\\/#primaryimage\",\"url\":\"https:\\\/\\\/domefy.com.br\\\/ads\\\/wp-content\\\/uploads\\\/2020\\\/11\\\/btos-001.jpg\",\"contentUrl\":\"https:\\\/\\\/domefy.com.br\\\/ads\\\/wp-content\\\/uploads\\\/2020\\\/11\\\/btos-001.jpg\",\"width\":360,\"height\":640},{\"@type\":\"BreadcrumbList\",\"@id\":\"https:\\\/\\\/domefy.com.br\\\/ads\\\/showroom\\\/#breadcrumb\",\"itemListElement\":[{\"@type\":\"ListItem\",\"position\":1,\"name\":\"In\u00edcio\",\"item\":\"https:\\\/\\\/domefy.com.br\\\/ads\\\/\"},{\"@type\":\"ListItem\",\"position\":2,\"name\":\"Showroom\"}]},{\"@type\":\"WebSite\",\"@id\":\"https:\\\/\\\/domefy.com.br\\\/ads\\\/#website\",\"url\":\"https:\\\/\\\/domefy.com.br\\\/ads\\\/\",\"name\":\"Domefy\",\"description\":\"Tudo que voc\u00ea sempre sonhou nas palmas da sua m\u00e3o. Executamos projetos sofisticados e personalizados de automa\u00e7\u00e3o, seguran\u00e7a e \u00e1udio &amp; v\u00eddeo\",\"potentialAction\":[{\"@type\":\"SearchAction\",\"target\":{\"@type\":\"EntryPoint\",\"urlTemplate\":\"https:\\\/\\\/domefy.com.br\\\/ads\\\/?s={search_term_string}\"},\"query-input\":{\"@type\":\"PropertyValueSpecification\",\"valueRequired\":true,\"valueName\":\"search_term_string\"}}],\"inLanguage\":\"pt-BR\"}]}<\/script>\n<!-- \/ Yoast SEO plugin. -->","yoast_head_json":{"title":"Showroom - Domefy","robots":{"index":"index","follow":"follow","max-snippet":"max-snippet:-1","max-image-preview":"max-image-preview:large","max-video-preview":"max-video-preview:-1"},"canonical":"https:\/\/domefy.com.br\/ads\/showroom\/","og_locale":"pt_BR","og_type":"article","og_title":"Showroom - Domefy","og_description":"BARRETOS &#8211; SP Rua Argentina, 1580, Edif\u00edcio Adele, Sala 13, Am\u00e9rica &#8211; Barretos\/SP S\u00c3O JOS\u00c9 DO RIO PRETO &#8211; SP R. Cel. Sp\u00ednola de Castro, 3635, Salas 73 e 74 &#8211; Centro &#8211; S\u00e3o Jos\u00e9 do Rio Preto\/SP Quer falar com a Domefy? Preencha o formul\u00e1rio abaixo que entraremos em contato","og_url":"https:\/\/domefy.com.br\/ads\/showroom\/","og_site_name":"Domefy","article_modified_time":"2025-07-03T08:55:51+00:00","og_image":[{"width":360,"height":640,"url":"https:\/\/domefy.com.br\/ads\/wp-content\/uploads\/2020\/11\/btos-001.jpg","type":"image\/jpeg"}],"twitter_card":"summary_large_image","twitter_misc":{"Est. tempo de leitura":"1 minuto"},"schema":{"@context":"https:\/\/schema.org","@graph":[{"@type":"WebPage","@id":"https:\/\/domefy.com.br\/ads\/showroom\/","url":"https:\/\/domefy.com.br\/ads\/showroom\/","name":"Showroom - Domefy","isPartOf":{"@id":"https:\/\/domefy.com.br\/ads\/#website"},"primaryImageOfPage":{"@id":"https:\/\/domefy.com.br\/ads\/showroom\/#primaryimage"},"image":{"@id":"https:\/\/domefy.com.br\/ads\/showroom\/#primaryimage"},"thumbnailUrl":"https:\/\/domefy.com.br\/ads\/wp-content\/uploads\/2020\/11\/btos-001.jpg","datePublished":"2020-07-11T20:29:03+00:00","dateModified":"2025-07-03T08:55:51+00:00","breadcrumb":{"@id":"https:\/\/domefy.com.br\/ads\/showroom\/#breadcrumb"},"inLanguage":"pt-BR","potentialAction":[{"@type":"ReadAction","target":["https:\/\/domefy.com.br\/ads\/showroom\/"]}]},{"@type":"ImageObject","inLanguage":"pt-BR","@id":"https:\/\/domefy.com.br\/ads\/showroom\/#primaryimage","url":"https:\/\/domefy.com.br\/ads\/wp-content\/uploads\/2020\/11\/btos-001.jpg","contentUrl":"https:\/\/domefy.com.br\/ads\/wp-content\/uploads\/2020\/11\/btos-001.jpg","width":360,"height":640},{"@type":"BreadcrumbList","@id":"https:\/\/domefy.com.br\/ads\/showroom\/#breadcrumb","itemListElement":[{"@type":"ListItem","position":1,"name":"In\u00edcio","item":"https:\/\/domefy.com.br\/ads\/"},{"@type":"ListItem","position":2,"name":"Showroom"}]},{"@type":"WebSite","@id":"https:\/\/domefy.com.br\/ads\/#website","url":"https:\/\/domefy.com.br\/ads\/","name":"Domefy","description":"Tudo que voc\u00ea sempre sonhou nas palmas da sua m\u00e3o. Executamos projetos sofisticados e personalizados de automa\u00e7\u00e3o, seguran\u00e7a e \u00e1udio &amp; v\u00eddeo","potentialAction":[{"@type":"SearchAction","target":{"@type":"EntryPoint","urlTemplate":"https:\/\/domefy.com.br\/ads\/?s={search_term_string}"},"query-input":{"@type":"PropertyValueSpecification","valueRequired":true,"valueName":"search_term_string"}}],"inLanguage":"pt-BR"}]}},"_links":{"self":[{"href":"https:\/\/domefy.com.br\/ads\/wp-json\/wp\/v2\/pages\/2820","targetHints":{"allow":["GET"]}}],"collection":[{"href":"https:\/\/domefy.com.br\/ads\/wp-json\/wp\/v2\/pages"}],"about":[{"href":"https:\/\/domefy.com.br\/ads\/wp-json\/wp\/v2\/types\/page"}],"author":[{"embeddable":true,"href":"https:\/\/domefy.com.br\/ads\/wp-json\/wp\/v2\/users\/1"}],"replies":[{"embeddable":true,"href":"https:\/\/domefy.com.br\/ads\/wp-json\/wp\/v2\/comments?post=2820"}],"version-history":[{"count":9,"href":"https:\/\/domefy.com.br\/ads\/wp-json\/wp\/v2\/pages\/2820\/revisions"}],"predecessor-version":[{"id":6418,"href":"https:\/\/domefy.com.br\/ads\/wp-json\/wp\/v2\/pages\/2820\/revisions\/6418"}],"wp:attachment":[{"href":"https:\/\/domefy.com.br\/ads\/wp-json\/wp\/v2\/media?parent=2820"}],"curies":[{"name":"wp","href":"https:\/\/api.w.org\/{rel}","templated":true}]}}