{"id":3067,"date":"2020-10-15T10:22:05","date_gmt":"2020-10-15T10:22:05","guid":{"rendered":"https:\/\/autoserver.com.br\/?page_id=3067"},"modified":"2025-07-02T21:02:45","modified_gmt":"2025-07-03T00:02:45","slug":"seguranca-eletronica","status":"publish","type":"page","link":"https:\/\/domefy.com.br\/ads\/seguranca-eletronica\/","title":{"rendered":"Seguran\u00e7a Eletr\u00f4nica"},"content":{"rendered":"\t\t<div data-elementor-type=\"wp-page\" data-elementor-id=\"3067\" class=\"elementor elementor-3067\" data-elementor-post-type=\"page\">\n\t\t\t\t<div class=\"elementor-element elementor-element-e5de1d9 e-grid e-con-boxed e-con e-parent\" data-id=\"e5de1d9\" data-element_type=\"container\" data-e-type=\"container\" data-settings=\"{&quot;background_background&quot;:&quot;classic&quot;}\">\n\t\t\t\t\t<div class=\"e-con-inner\">\n\t\t\t\t<div class=\"elementor-element elementor-element-60ba34b elementor-widget elementor-widget-elementskit-image-hover-effect\" data-id=\"60ba34b\" data-element_type=\"widget\" data-e-type=\"widget\" data-widget_type=\"elementskit-image-hover-effect.default\">\n\t\t\t\t<div class=\"elementor-widget-container\">\n\t\t\t\t\t<div class=\"ekit-wid-con\" >\t\t\t<div class=\"ekit_image_hover\">\n\t\t\t\t<div class=\"ekit_creative_image_hover ekit_image_corner_zoom_back\">\n\t\t\t\t\t<div class=\"ekit_overlay_inner\"><\/div>\n\t\t\t\t\t\t\t\t\t\t<div class=\"ekit_image_caption ekit_text_none  elementor-animation-shrink\" >\n\t\t\t\t\t\t<h2 class=\"ekit_image_caption_title ekit_hover_show  \" data-settings=\"{&quot;_animation&quot;:&quot;&quot;}\">\n\t\t\t\t\t\t\t\/ C\u00e2meras\t\t\t\t\t\t<\/h2>\n\t\t\t\t\t\t<p class=\"ekit_image_caption_description ekit_hover_show  \" data-settings=\"{&quot;_animation&quot;:&quot;&quot;}\">\n\t\t\t\t\t\t\tNa dianteira da automa\u00e7\u00e3o residencial para seguran\u00e7a, temos de destacar a instala\u00e7\u00e3o de circuitos fechados de TV\t\t\t\t\t\t<\/p>\n\t\t\t\t\t\t\t\t\n\t\t\t\t\t<\/div>\t\t\t\n\t\t\t\t<\/div>\n\t\t\t\t<img fetchpriority=\"high\" decoding=\"async\" width=\"700\" height=\"700\" src=\"https:\/\/domefy.com.br\/ads\/wp-content\/uploads\/2020\/07\/automacao-camera.jpg\" class=\"attachment-full size-full wp-image-2680\" alt=\"\" srcset=\"https:\/\/domefy.com.br\/ads\/wp-content\/uploads\/2020\/07\/automacao-camera.jpg 700w, https:\/\/domefy.com.br\/ads\/wp-content\/uploads\/2020\/07\/automacao-camera-300x300.jpg 300w, https:\/\/domefy.com.br\/ads\/wp-content\/uploads\/2020\/07\/automacao-camera-100x100.jpg 100w, https:\/\/domefy.com.br\/ads\/wp-content\/uploads\/2020\/07\/automacao-camera-600x600.jpg 600w, https:\/\/domefy.com.br\/ads\/wp-content\/uploads\/2020\/07\/automacao-camera-150x150.jpg 150w, https:\/\/domefy.com.br\/ads\/wp-content\/uploads\/2020\/07\/automacao-camera-540x540.jpg 540w, https:\/\/domefy.com.br\/ads\/wp-content\/uploads\/2020\/07\/automacao-camera-240x240.jpg 240w\" sizes=\"(max-width: 700px) 100vw, 700px\" \/>\t\t\t<\/div>\n\t\t<\/div>\t\t\t\t<\/div>\n\t\t\t\t<\/div>\n\t\t\t\t<div class=\"elementor-element elementor-element-7ec421f elementor-widget elementor-widget-elementskit-image-hover-effect\" data-id=\"7ec421f\" data-element_type=\"widget\" data-e-type=\"widget\" data-widget_type=\"elementskit-image-hover-effect.default\">\n\t\t\t\t<div class=\"elementor-widget-container\">\n\t\t\t\t\t<div class=\"ekit-wid-con\" >\t\t\t<div class=\"ekit_image_hover\">\n\t\t\t\t<div class=\"ekit_creative_image_hover ekit_image_corner_zoom_back\">\n\t\t\t\t\t<div class=\"ekit_overlay_inner\"><\/div>\n\t\t\t\t\t\t\t\t\t\t<div class=\"ekit_image_caption ekit_text_none  elementor-animation-shrink\" >\n\t\t\t\t\t\t<h2 class=\"ekit_image_caption_title ekit_hover_show  \" data-settings=\"{&quot;_animation&quot;:&quot;&quot;}\">\n\t\t\t\t\t\t\t\/ Fechaduras\t\t\t\t\t\t<\/h2>\n\t\t\t\t\t\t<p class=\"ekit_image_caption_description ekit_hover_show  \" data-settings=\"{&quot;_animation&quot;:&quot;&quot;}\">\n\t\t\t\t\t\t\tFechaduras inteligentes que podem ser controladas a dist\u00e2ncia e tamb\u00e9m ser integradas \u00e0 Alexa, e acionadas por comando de voz\t\t\t\t\t\t<\/p>\n\t\t\t\t\t\t\t\t\n\t\t\t\t\t<\/div>\t\t\t\n\t\t\t\t<\/div>\n\t\t\t\t<img decoding=\"async\" width=\"700\" height=\"700\" src=\"https:\/\/domefy.com.br\/ads\/wp-content\/uploads\/2025\/06\/sdg43etsrf-2.jpg\" class=\"attachment-full size-full wp-image-5924\" alt=\"\" srcset=\"https:\/\/domefy.com.br\/ads\/wp-content\/uploads\/2025\/06\/sdg43etsrf-2.jpg 700w, https:\/\/domefy.com.br\/ads\/wp-content\/uploads\/2025\/06\/sdg43etsrf-2-540x540.jpg 540w, https:\/\/domefy.com.br\/ads\/wp-content\/uploads\/2025\/06\/sdg43etsrf-2-240x240.jpg 240w, https:\/\/domefy.com.br\/ads\/wp-content\/uploads\/2025\/06\/sdg43etsrf-2-300x300.jpg 300w, https:\/\/domefy.com.br\/ads\/wp-content\/uploads\/2025\/06\/sdg43etsrf-2-150x150.jpg 150w\" sizes=\"(max-width: 700px) 100vw, 700px\" \/>\t\t\t<\/div>\n\t\t<\/div>\t\t\t\t<\/div>\n\t\t\t\t<\/div>\n\t\t\t\t<div class=\"elementor-element elementor-element-2435a27 elementor-widget elementor-widget-elementskit-image-hover-effect\" data-id=\"2435a27\" data-element_type=\"widget\" data-e-type=\"widget\" data-widget_type=\"elementskit-image-hover-effect.default\">\n\t\t\t\t<div class=\"elementor-widget-container\">\n\t\t\t\t\t<div class=\"ekit-wid-con\" >\t\t\t<div class=\"ekit_image_hover\">\n\t\t\t\t<div class=\"ekit_creative_image_hover ekit_image_corner_zoom_back\">\n\t\t\t\t\t<div class=\"ekit_overlay_inner\"><\/div>\n\t\t\t\t\t\t\t\t\t\t<div class=\"ekit_image_caption ekit_text_none  elementor-animation-shrink\" >\n\t\t\t\t\t\t<h2 class=\"ekit_image_caption_title ekit_hover_show  \" data-settings=\"{&quot;_animation&quot;:&quot;&quot;}\">\n\t\t\t\t\t\t\t\/ Sensores Inteligentes\t\t\t\t\t\t<\/h2>\n\t\t\t\t\t\t<p class=\"ekit_image_caption_description ekit_hover_show  \" data-settings=\"{&quot;_animation&quot;:&quot;&quot;}\">\n\t\t\t\t\t\t\tOs sensores inteligentes de movimento, luz e temperatura, ajustam os ambientes e informa imediatamente sobre qualquer movimento\t\t\t\t\t\t<\/p>\n\t\t\t\t\t\t\t\t\n\t\t\t\t\t<\/div>\t\t\t\n\t\t\t\t<\/div>\n\t\t\t\t<img decoding=\"async\" width=\"700\" height=\"700\" src=\"https:\/\/domefy.com.br\/ads\/wp-content\/uploads\/2020\/07\/automacao-sensor.jpg\" class=\"attachment-full size-full wp-image-2677\" alt=\"\" srcset=\"https:\/\/domefy.com.br\/ads\/wp-content\/uploads\/2020\/07\/automacao-sensor.jpg 700w, https:\/\/domefy.com.br\/ads\/wp-content\/uploads\/2020\/07\/automacao-sensor-300x300.jpg 300w, https:\/\/domefy.com.br\/ads\/wp-content\/uploads\/2020\/07\/automacao-sensor-100x100.jpg 100w, https:\/\/domefy.com.br\/ads\/wp-content\/uploads\/2020\/07\/automacao-sensor-600x600.jpg 600w, https:\/\/domefy.com.br\/ads\/wp-content\/uploads\/2020\/07\/automacao-sensor-150x150.jpg 150w, https:\/\/domefy.com.br\/ads\/wp-content\/uploads\/2020\/07\/automacao-sensor-540x540.jpg 540w, https:\/\/domefy.com.br\/ads\/wp-content\/uploads\/2020\/07\/automacao-sensor-240x240.jpg 240w\" sizes=\"(max-width: 700px) 100vw, 700px\" \/>\t\t\t<\/div>\n\t\t<\/div>\t\t\t\t<\/div>\n\t\t\t\t<\/div>\n\t\t\t\t<div class=\"elementor-element elementor-element-7398d45 elementor-widget elementor-widget-elementskit-image-hover-effect\" data-id=\"7398d45\" data-element_type=\"widget\" data-e-type=\"widget\" data-widget_type=\"elementskit-image-hover-effect.default\">\n\t\t\t\t<div class=\"elementor-widget-container\">\n\t\t\t\t\t<div class=\"ekit-wid-con\" >\t\t\t<div class=\"ekit_image_hover\">\n\t\t\t\t<div class=\"ekit_creative_image_hover ekit_image_corner_zoom_back\">\n\t\t\t\t\t<div class=\"ekit_overlay_inner\"><\/div>\n\t\t\t\t\t\t\t\t\t\t<div class=\"ekit_image_caption ekit_text_none  elementor-animation-shrink\" >\n\t\t\t\t\t\t<h2 class=\"ekit_image_caption_title ekit_hover_show  \" data-settings=\"{&quot;_animation&quot;:&quot;&quot;}\">\n\t\t\t\t\t\t\t\/ V\u00eddeo Porteiro\t\t\t\t\t\t<\/h2>\n\t\t\t\t\t\t<p class=\"ekit_image_caption_description ekit_hover_show  \" data-settings=\"{&quot;_animation&quot;:&quot;&quot;}\">\n\t\t\t\t\t\t\tSistemas de monitoramento de v\u00eddeos indoor e outdoor com controle de acesso e monitoramento de seguran\u00e7a, com acesso local ou remoto\t\t\t\t\t\t<\/p>\n\t\t\t\t\t\t\t\t\n\t\t\t\t\t<\/div>\t\t\t\n\t\t\t\t<\/div>\n\t\t\t\t<img loading=\"lazy\" decoding=\"async\" width=\"700\" height=\"700\" src=\"https:\/\/domefy.com.br\/ads\/wp-content\/uploads\/2025\/06\/ujws5rtgdfv-2.jpg\" class=\"attachment-full size-full wp-image-5925\" alt=\"\" srcset=\"https:\/\/domefy.com.br\/ads\/wp-content\/uploads\/2025\/06\/ujws5rtgdfv-2.jpg 700w, https:\/\/domefy.com.br\/ads\/wp-content\/uploads\/2025\/06\/ujws5rtgdfv-2-540x540.jpg 540w, https:\/\/domefy.com.br\/ads\/wp-content\/uploads\/2025\/06\/ujws5rtgdfv-2-240x240.jpg 240w, https:\/\/domefy.com.br\/ads\/wp-content\/uploads\/2025\/06\/ujws5rtgdfv-2-300x300.jpg 300w, https:\/\/domefy.com.br\/ads\/wp-content\/uploads\/2025\/06\/ujws5rtgdfv-2-150x150.jpg 150w\" sizes=\"(max-width: 700px) 100vw, 700px\" \/>\t\t\t<\/div>\n\t\t<\/div>\t\t\t\t<\/div>\n\t\t\t\t<\/div>\n\t\t\t\t\t<\/div>\n\t\t\t\t<\/div>\n\t\t<div class=\"elementor-element elementor-element-2e90d6db e-flex e-con-boxed e-con e-parent\" data-id=\"2e90d6db\" data-element_type=\"container\" data-e-type=\"container\" data-settings=\"{&quot;background_background&quot;:&quot;classic&quot;}\">\n\t\t\t\t\t<div class=\"e-con-inner\">\n\t\t\t\t<div class=\"elementor-element elementor-element-6b2c7a9d elementor-widget elementor-widget-heading\" data-id=\"6b2c7a9d\" data-element_type=\"widget\" data-e-type=\"widget\" data-widget_type=\"heading.default\">\n\t\t\t\t\t<h3 class=\"elementor-heading-title elementor-size-default\">Quer falar com a Domefy? Preencha o formul\u00e1rio abaixo que entraremos em contato<\/h3>\t\t\t\t<\/div>\n\t\t\t\t<div class=\"elementor-element elementor-element-34b8ea3 elementor-button-align-stretch elementor-widget elementor-widget-form\" data-id=\"34b8ea3\" data-element_type=\"widget\" data-e-type=\"widget\" data-settings=\"{&quot;step_next_label&quot;:&quot;Pr\\u00f3ximo&quot;,&quot;step_previous_label&quot;:&quot;Anterior&quot;,&quot;button_width&quot;:&quot;100&quot;,&quot;step_type&quot;:&quot;number_text&quot;,&quot;step_icon_shape&quot;:&quot;circle&quot;}\" data-widget_type=\"form.default\">\n\t\t\t\t\t\t\t<form class=\"elementor-form\" method=\"post\" name=\"Paginas Site Domefy\" aria-label=\"Paginas Site Domefy\">\n\t\t\t<input type=\"hidden\" name=\"post_id\" value=\"3067\"\/>\n\t\t\t<input type=\"hidden\" name=\"form_id\" value=\"34b8ea3\"\/>\n\t\t\t<input type=\"hidden\" name=\"referer_title\" value=\"Domefy\" \/>\n\n\t\t\t\n\t\t\t<div class=\"elementor-form-fields-wrapper elementor-labels-\">\n\t\t\t\t\t\t\t\t<div class=\"elementor-field-type-text elementor-field-group elementor-column elementor-field-group-name elementor-col-100 elementor-field-required\">\n\t\t\t\t\t\t\t\t\t\t\t\t<label for=\"form-field-name\" class=\"elementor-field-label elementor-screen-only\">\n\t\t\t\t\t\t\t\tNome\t\t\t\t\t\t\t<\/label>\n\t\t\t\t\t\t\t\t\t\t\t\t\t\t<input size=\"1\" type=\"text\" name=\"form_fields[name]\" id=\"form-field-name\" class=\"elementor-field elementor-size-lg  elementor-field-textual\" placeholder=\"Nome\" required=\"required\">\n\t\t\t\t\t\t\t\t\t\t\t<\/div>\n\t\t\t\t\t\t\t\t<div class=\"elementor-field-type-email elementor-field-group elementor-column elementor-field-group-field_4181e60 elementor-col-100 elementor-field-required\">\n\t\t\t\t\t\t\t\t\t\t\t\t<label for=\"form-field-field_4181e60\" class=\"elementor-field-label elementor-screen-only\">\n\t\t\t\t\t\t\t\tE-mail\t\t\t\t\t\t\t<\/label>\n\t\t\t\t\t\t\t\t\t\t\t\t\t\t<input size=\"1\" type=\"email\" name=\"form_fields[field_4181e60]\" id=\"form-field-field_4181e60\" class=\"elementor-field elementor-size-lg  elementor-field-textual\" placeholder=\"E-mail\" required=\"required\">\n\t\t\t\t\t\t\t\t\t\t\t<\/div>\n\t\t\t\t\t\t\t\t<div class=\"elementor-field-type-tel elementor-field-group elementor-column elementor-field-group-field_aa886ca elementor-col-100 elementor-field-required\">\n\t\t\t\t\t\t\t\t\t\t\t\t<label for=\"form-field-field_aa886ca\" class=\"elementor-field-label elementor-screen-only\">\n\t\t\t\t\t\t\t\tWhatsApp\t\t\t\t\t\t\t<\/label>\n\t\t\t\t\t\t\t\t<input size=\"1\" type=\"tel\" name=\"form_fields[field_aa886ca]\" id=\"form-field-field_aa886ca\" class=\"elementor-field elementor-size-lg  elementor-field-textual\" placeholder=\"WhatsApp com DDD\" required=\"required\" pattern=\"[0-9()#&amp;+*-=.]+\" title=\"Apenas n\u00fameros e caracteres de telefone (#, -, *, etc.) s\u00e3o aceitos.\">\n\n\t\t\t\t\t\t<\/div>\n\t\t\t\t\t\t\t\t<div class=\"elementor-field-type-recaptcha elementor-field-group elementor-column elementor-field-group-field_9661731 elementor-col-100\">\n\t\t\t\t\t<div class=\"elementor-field\" id=\"form-field-field_9661731\"><div class=\"elementor-g-recaptcha\" data-sitekey=\"6LfK9m4rAAAAAOlx00xBWll-bjdbgCcY9qkto6Wf\" data-type=\"v2_checkbox\" data-theme=\"light\" data-size=\"normal\"><\/div><\/div>\t\t\t\t<\/div>\n\t\t\t\t\t\t\t\t<div class=\"elementor-field-group elementor-column elementor-field-type-submit elementor-col-100 e-form__buttons\">\n\t\t\t\t\t<button class=\"elementor-button elementor-size-lg\" type=\"submit\">\n\t\t\t\t\t\t<span class=\"elementor-button-content-wrapper\">\n\t\t\t\t\t\t\t\t\t\t\t\t\t\t\t\t\t\t\t\t\t\t<span class=\"elementor-button-text\">Enviar<\/span>\n\t\t\t\t\t\t\t\t\t\t\t\t\t<\/span>\n\t\t\t\t\t<\/button>\n\t\t\t\t<\/div>\n\t\t\t<\/div>\n\t\t<\/form>\n\t\t\t\t\t\t<\/div>\n\t\t\t\t\t<\/div>\n\t\t\t\t<\/div>\n\t\t\t\t<\/div>\n\t\t","protected":false},"excerpt":{"rendered":"<p>\/ C\u00e2meras Na dianteira da automa\u00e7\u00e3o residencial para seguran\u00e7a, temos de destacar a instala\u00e7\u00e3o de circuitos fechados de TV \/ Fechaduras Fechaduras inteligentes que podem ser controladas a dist\u00e2ncia e tamb\u00e9m ser integradas \u00e0 Alexa, e acionadas por comando de voz \/ Sensores Inteligentes Os sensores inteligentes de movimento, luz e temperatura, ajustam os ambientes [&hellip;]<\/p>\n","protected":false},"author":1,"featured_media":0,"parent":0,"menu_order":0,"comment_status":"closed","ping_status":"closed","template":"","meta":{"footnotes":""},"class_list":["post-3067","page","type-page","status-publish","hentry"],"yoast_head":"<!-- This site is optimized with the Yoast SEO plugin v27.4 - https:\/\/yoast.com\/product\/yoast-seo-wordpress\/ -->\n<title>Seguran\u00e7a Eletr\u00f4nica - Domefy<\/title>\n<meta name=\"robots\" content=\"index, follow, max-snippet:-1, max-image-preview:large, max-video-preview:-1\" \/>\n<link rel=\"canonical\" href=\"https:\/\/domefy.com.br\/ads\/seguranca-eletronica\/\" \/>\n<meta property=\"og:locale\" content=\"pt_BR\" \/>\n<meta property=\"og:type\" content=\"article\" \/>\n<meta property=\"og:title\" content=\"Seguran\u00e7a Eletr\u00f4nica - Domefy\" \/>\n<meta property=\"og:description\" content=\"\/ C\u00e2meras Na dianteira da automa\u00e7\u00e3o residencial para seguran\u00e7a, temos de destacar a instala\u00e7\u00e3o de circuitos fechados de TV \/ Fechaduras Fechaduras inteligentes que podem ser controladas a dist\u00e2ncia e tamb\u00e9m ser integradas \u00e0 Alexa, e acionadas por comando de voz \/ Sensores Inteligentes Os sensores inteligentes de movimento, luz e temperatura, ajustam os ambientes [&hellip;]\" \/>\n<meta property=\"og:url\" content=\"https:\/\/domefy.com.br\/ads\/seguranca-eletronica\/\" \/>\n<meta property=\"og:site_name\" content=\"Domefy\" \/>\n<meta property=\"article:modified_time\" content=\"2025-07-03T00:02:45+00:00\" \/>\n<meta property=\"og:image\" content=\"https:\/\/domefy.com.br\/ads\/wp-content\/uploads\/2020\/07\/automacao-camera.jpg\" \/>\n\t<meta property=\"og:image:width\" content=\"700\" \/>\n\t<meta property=\"og:image:height\" content=\"700\" \/>\n\t<meta property=\"og:image:type\" content=\"image\/jpeg\" \/>\n<meta name=\"twitter:card\" content=\"summary_large_image\" \/>\n<meta name=\"twitter:label1\" content=\"Est. tempo de leitura\" \/>\n\t<meta name=\"twitter:data1\" content=\"2 minutos\" \/>\n<script type=\"application\/ld+json\" class=\"yoast-schema-graph\">{\"@context\":\"https:\\\/\\\/schema.org\",\"@graph\":[{\"@type\":\"WebPage\",\"@id\":\"https:\\\/\\\/domefy.com.br\\\/ads\\\/seguranca-eletronica\\\/\",\"url\":\"https:\\\/\\\/domefy.com.br\\\/ads\\\/seguranca-eletronica\\\/\",\"name\":\"Seguran\u00e7a Eletr\u00f4nica - Domefy\",\"isPartOf\":{\"@id\":\"https:\\\/\\\/domefy.com.br\\\/ads\\\/#website\"},\"primaryImageOfPage\":{\"@id\":\"https:\\\/\\\/domefy.com.br\\\/ads\\\/seguranca-eletronica\\\/#primaryimage\"},\"image\":{\"@id\":\"https:\\\/\\\/domefy.com.br\\\/ads\\\/seguranca-eletronica\\\/#primaryimage\"},\"thumbnailUrl\":\"https:\\\/\\\/domefy.com.br\\\/ads\\\/wp-content\\\/uploads\\\/2020\\\/07\\\/automacao-camera.jpg\",\"datePublished\":\"2020-10-15T10:22:05+00:00\",\"dateModified\":\"2025-07-03T00:02:45+00:00\",\"breadcrumb\":{\"@id\":\"https:\\\/\\\/domefy.com.br\\\/ads\\\/seguranca-eletronica\\\/#breadcrumb\"},\"inLanguage\":\"pt-BR\",\"potentialAction\":[{\"@type\":\"ReadAction\",\"target\":[\"https:\\\/\\\/domefy.com.br\\\/ads\\\/seguranca-eletronica\\\/\"]}]},{\"@type\":\"ImageObject\",\"inLanguage\":\"pt-BR\",\"@id\":\"https:\\\/\\\/domefy.com.br\\\/ads\\\/seguranca-eletronica\\\/#primaryimage\",\"url\":\"https:\\\/\\\/domefy.com.br\\\/ads\\\/wp-content\\\/uploads\\\/2020\\\/07\\\/automacao-camera.jpg\",\"contentUrl\":\"https:\\\/\\\/domefy.com.br\\\/ads\\\/wp-content\\\/uploads\\\/2020\\\/07\\\/automacao-camera.jpg\",\"width\":700,\"height\":700},{\"@type\":\"BreadcrumbList\",\"@id\":\"https:\\\/\\\/domefy.com.br\\\/ads\\\/seguranca-eletronica\\\/#breadcrumb\",\"itemListElement\":[{\"@type\":\"ListItem\",\"position\":1,\"name\":\"In\u00edcio\",\"item\":\"https:\\\/\\\/domefy.com.br\\\/ads\\\/\"},{\"@type\":\"ListItem\",\"position\":2,\"name\":\"Seguran\u00e7a Eletr\u00f4nica\"}]},{\"@type\":\"WebSite\",\"@id\":\"https:\\\/\\\/domefy.com.br\\\/ads\\\/#website\",\"url\":\"https:\\\/\\\/domefy.com.br\\\/ads\\\/\",\"name\":\"Domefy\",\"description\":\"Tudo que voc\u00ea sempre sonhou nas palmas da sua m\u00e3o. Executamos projetos sofisticados e personalizados de automa\u00e7\u00e3o, seguran\u00e7a e \u00e1udio &amp; v\u00eddeo\",\"potentialAction\":[{\"@type\":\"SearchAction\",\"target\":{\"@type\":\"EntryPoint\",\"urlTemplate\":\"https:\\\/\\\/domefy.com.br\\\/ads\\\/?s={search_term_string}\"},\"query-input\":{\"@type\":\"PropertyValueSpecification\",\"valueRequired\":true,\"valueName\":\"search_term_string\"}}],\"inLanguage\":\"pt-BR\"}]}<\/script>\n<!-- \/ Yoast SEO plugin. -->","yoast_head_json":{"title":"Seguran\u00e7a Eletr\u00f4nica - Domefy","robots":{"index":"index","follow":"follow","max-snippet":"max-snippet:-1","max-image-preview":"max-image-preview:large","max-video-preview":"max-video-preview:-1"},"canonical":"https:\/\/domefy.com.br\/ads\/seguranca-eletronica\/","og_locale":"pt_BR","og_type":"article","og_title":"Seguran\u00e7a Eletr\u00f4nica - Domefy","og_description":"\/ C\u00e2meras Na dianteira da automa\u00e7\u00e3o residencial para seguran\u00e7a, temos de destacar a instala\u00e7\u00e3o de circuitos fechados de TV \/ Fechaduras Fechaduras inteligentes que podem ser controladas a dist\u00e2ncia e tamb\u00e9m ser integradas \u00e0 Alexa, e acionadas por comando de voz \/ Sensores Inteligentes Os sensores inteligentes de movimento, luz e temperatura, ajustam os ambientes [&hellip;]","og_url":"https:\/\/domefy.com.br\/ads\/seguranca-eletronica\/","og_site_name":"Domefy","article_modified_time":"2025-07-03T00:02:45+00:00","og_image":[{"width":700,"height":700,"url":"https:\/\/domefy.com.br\/ads\/wp-content\/uploads\/2020\/07\/automacao-camera.jpg","type":"image\/jpeg"}],"twitter_card":"summary_large_image","twitter_misc":{"Est. tempo de leitura":"2 minutos"},"schema":{"@context":"https:\/\/schema.org","@graph":[{"@type":"WebPage","@id":"https:\/\/domefy.com.br\/ads\/seguranca-eletronica\/","url":"https:\/\/domefy.com.br\/ads\/seguranca-eletronica\/","name":"Seguran\u00e7a Eletr\u00f4nica - Domefy","isPartOf":{"@id":"https:\/\/domefy.com.br\/ads\/#website"},"primaryImageOfPage":{"@id":"https:\/\/domefy.com.br\/ads\/seguranca-eletronica\/#primaryimage"},"image":{"@id":"https:\/\/domefy.com.br\/ads\/seguranca-eletronica\/#primaryimage"},"thumbnailUrl":"https:\/\/domefy.com.br\/ads\/wp-content\/uploads\/2020\/07\/automacao-camera.jpg","datePublished":"2020-10-15T10:22:05+00:00","dateModified":"2025-07-03T00:02:45+00:00","breadcrumb":{"@id":"https:\/\/domefy.com.br\/ads\/seguranca-eletronica\/#breadcrumb"},"inLanguage":"pt-BR","potentialAction":[{"@type":"ReadAction","target":["https:\/\/domefy.com.br\/ads\/seguranca-eletronica\/"]}]},{"@type":"ImageObject","inLanguage":"pt-BR","@id":"https:\/\/domefy.com.br\/ads\/seguranca-eletronica\/#primaryimage","url":"https:\/\/domefy.com.br\/ads\/wp-content\/uploads\/2020\/07\/automacao-camera.jpg","contentUrl":"https:\/\/domefy.com.br\/ads\/wp-content\/uploads\/2020\/07\/automacao-camera.jpg","width":700,"height":700},{"@type":"BreadcrumbList","@id":"https:\/\/domefy.com.br\/ads\/seguranca-eletronica\/#breadcrumb","itemListElement":[{"@type":"ListItem","position":1,"name":"In\u00edcio","item":"https:\/\/domefy.com.br\/ads\/"},{"@type":"ListItem","position":2,"name":"Seguran\u00e7a Eletr\u00f4nica"}]},{"@type":"WebSite","@id":"https:\/\/domefy.com.br\/ads\/#website","url":"https:\/\/domefy.com.br\/ads\/","name":"Domefy","description":"Tudo que voc\u00ea sempre sonhou nas palmas da sua m\u00e3o. Executamos projetos sofisticados e personalizados de automa\u00e7\u00e3o, seguran\u00e7a e \u00e1udio &amp; v\u00eddeo","potentialAction":[{"@type":"SearchAction","target":{"@type":"EntryPoint","urlTemplate":"https:\/\/domefy.com.br\/ads\/?s={search_term_string}"},"query-input":{"@type":"PropertyValueSpecification","valueRequired":true,"valueName":"search_term_string"}}],"inLanguage":"pt-BR"}]}},"_links":{"self":[{"href":"https:\/\/domefy.com.br\/ads\/wp-json\/wp\/v2\/pages\/3067","targetHints":{"allow":["GET"]}}],"collection":[{"href":"https:\/\/domefy.com.br\/ads\/wp-json\/wp\/v2\/pages"}],"about":[{"href":"https:\/\/domefy.com.br\/ads\/wp-json\/wp\/v2\/types\/page"}],"author":[{"embeddable":true,"href":"https:\/\/domefy.com.br\/ads\/wp-json\/wp\/v2\/users\/1"}],"replies":[{"embeddable":true,"href":"https:\/\/domefy.com.br\/ads\/wp-json\/wp\/v2\/comments?post=3067"}],"version-history":[{"count":12,"href":"https:\/\/domefy.com.br\/ads\/wp-json\/wp\/v2\/pages\/3067\/revisions"}],"predecessor-version":[{"id":6402,"href":"https:\/\/domefy.com.br\/ads\/wp-json\/wp\/v2\/pages\/3067\/revisions\/6402"}],"wp:attachment":[{"href":"https:\/\/domefy.com.br\/ads\/wp-json\/wp\/v2\/media?parent=3067"}],"curies":[{"name":"wp","href":"https:\/\/api.w.org\/{rel}","templated":true}]}}